{"id":624,"date":"2024-07-04T20:59:54","date_gmt":"2024-07-04T20:59:54","guid":{"rendered":"https:\/\/www.nymexas.com\/?page_id=624"},"modified":"2024-07-23T21:35:54","modified_gmt":"2024-07-23T21:35:54","slug":"usado","status":"publish","type":"page","link":"https:\/\/www.nymexas.com\/en\/usado\/","title":{"rendered":"Second hand machine"},"content":{"rendered":"<div data-elementor-type=\"wp-page\" data-elementor-id=\"624\" class=\"elementor elementor-624\">\n\t\t\t\t\t\t<section class=\"elementor-section elementor-top-section elementor-element elementor-element-2476dc17 elementor-section-height-min-height elementor-section-full_width elementor-section-height-default elementor-section-items-middle\" data-id=\"2476dc17\" data-element_type=\"section\" data-settings=\"{&quot;background_background&quot;:&quot;classic&quot;}\">\n\t\t\t\t\t\t\t<div class=\"elementor-background-overlay\"><\/div>\n\t\t\t\t\t\t\t<div class=\"elementor-container elementor-column-gap-no\">\n\t\t\t\t\t<div class=\"elementor-column elementor-col-100 elementor-top-column elementor-element elementor-element-68075797\" data-id=\"68075797\" data-element_type=\"column\">\n\t\t\t<div class=\"elementor-widget-wrap elementor-element-populated\">\n\t\t\t\t\t\t<div class=\"elementor-element elementor-element-333ab48f elementor-invisible elementor-widget elementor-widget-heading\" data-id=\"333ab48f\" data-element_type=\"widget\" data-settings=\"{&quot;_animation&quot;:&quot;fadeInUp&quot;}\" data-widget_type=\"heading.default\">\n\t\t\t\t<div class=\"elementor-widget-container\">\n\t\t\t\t\t<h2 class=\"elementor-heading-title elementor-size-default\">SECOND HAND MACHINE<\/h2>\t\t\t\t<\/div>\n\t\t\t\t<\/div>\n\t\t\t\t<div class=\"elementor-element elementor-element-41c76484 elementor-align-center elementor-widget__width-auto elementor-list-item-link-full_width elementor-invisible elementor-widget elementor-widget-icon-list\" data-id=\"41c76484\" data-element_type=\"widget\" data-settings=\"{&quot;_animation&quot;:&quot;fadeInUp&quot;}\" data-widget_type=\"icon-list.default\">\n\t\t\t\t<div class=\"elementor-widget-container\">\n\t\t\t\t\t\t\t<ul class=\"elementor-icon-list-items\">\n\t\t\t\t\t\t\t<li class=\"elementor-icon-list-item\">\n\t\t\t\t\t\t\t\t\t\t<span class=\"elementor-icon-list-text\">EXCELLENCE IN SECOND-HAND MACHINE<\/span>\n\t\t\t\t\t\t\t\t\t<\/li>\n\t\t\t\t\t\t<\/ul>\n\t\t\t\t\t\t<\/div>\n\t\t\t\t<\/div>\n\t\t\t\t\t<\/div>\n\t\t<\/div>\n\t\t\t\t\t<\/div>\n\t\t<\/section>\n\t\t<div class=\"elementor-element elementor-element-eb81510 e-flex e-con-boxed e-con e-parent\" data-id=\"eb81510\" data-element_type=\"container\">\n\t\t\t\t\t<div class=\"e-con-inner\">\n\t\t<div class=\"elementor-element elementor-element-026d4d1 e-con-full e-flex e-con e-child\" data-id=\"026d4d1\" data-element_type=\"container\">\n\t\t\t\t<div class=\"elementor-element elementor-element-69480aa elementor-widget elementor-widget-heading\" data-id=\"69480aa\" data-element_type=\"widget\" data-widget_type=\"heading.default\">\n\t\t\t\t<div class=\"elementor-widget-container\">\n\t\t\t\t\t<h2 class=\"elementor-heading-title elementor-size-default\">Second hand machine<\/h2>\t\t\t\t<\/div>\n\t\t\t\t<\/div>\n\t\t\t\t<div class=\"elementor-element elementor-element-675b688 elementor-icon-list--layout-traditional elementor-list-item-link-full_width elementor-widget elementor-widget-icon-list\" data-id=\"675b688\" data-element_type=\"widget\" data-widget_type=\"icon-list.default\">\n\t\t\t\t<div class=\"elementor-widget-container\">\n\t\t\t\t\t\t\t<ul class=\"elementor-icon-list-items\">\n\t\t\t\t\t\t\t<li class=\"elementor-icon-list-item\">\n\t\t\t\t\t\t\t\t\t\t\t<a href=\"https:\/\/www.nymexas.com\/en\/llenadora\/\">\n\n\t\t\t\t\t\t\t\t\t\t\t\t<span class=\"elementor-icon-list-icon\">\n\t\t\t\t\t\t\t<i aria-hidden=\"true\" class=\"fas fa-fill\"><\/i>\t\t\t\t\t\t<\/span>\n\t\t\t\t\t\t\t\t\t\t<span class=\"elementor-icon-list-text\">Filler<\/span>\n\t\t\t\t\t\t\t\t\t\t\t<\/a>\n\t\t\t\t\t\t\t\t\t<\/li>\n\t\t\t\t\t\t<\/ul>\n\t\t\t\t\t\t<\/div>\n\t\t\t\t<\/div>\n\t\t\t\t<\/div>\n\t\t<div class=\"elementor-element elementor-element-a838168 e-con-full e-flex e-con e-child\" data-id=\"a838168\" data-element_type=\"container\">\n\t\t\t\t<div class=\"elementor-element elementor-element-bf17f47 elementor-widget elementor-widget-heading\" data-id=\"bf17f47\" data-element_type=\"widget\" data-widget_type=\"heading.default\">\n\t\t\t\t<div class=\"elementor-widget-container\">\n\t\t\t\t\t<h2 class=\"elementor-heading-title elementor-size-default\">Second-hand bottling equipment<\/h2>\t\t\t\t<\/div>\n\t\t\t\t<\/div>\n\t\t\t\t<div class=\"elementor-element elementor-element-8d33033 elementor-widget elementor-widget-text-editor\" data-id=\"8d33033\" data-element_type=\"widget\" data-widget_type=\"text-editor.default\">\n\t\t\t\t<div class=\"elementor-widget-container\">\n\t\t\t\t\t\t\t\t\t<p>The food &amp; beverage sector is increasingly inclined towards purchasing used equipment. Why?<\/p>\t\t\t\t\t\t\t\t<\/div>\n\t\t\t\t<\/div>\n\t\t\t\t<div class=\"elementor-element elementor-element-a049854 elementor-widget elementor-widget-text-editor\" data-id=\"a049854\" data-element_type=\"widget\" data-widget_type=\"text-editor.default\">\n\t\t\t\t<div class=\"elementor-widget-container\">\n\t\t\t\t\t\t\t\t\t<p><strong>1. Immediate availability<\/strong><br \/>After revamping or customization, we take care of transportation, assembly, and commissioning for the customer<\/p>\t\t\t\t\t\t\t\t<\/div>\n\t\t\t\t<\/div>\n\t\t\t\t<div class=\"elementor-element elementor-element-1e641f5 elementor-widget elementor-widget-text-editor\" data-id=\"1e641f5\" data-element_type=\"widget\" data-widget_type=\"text-editor.default\">\n\t\t\t\t<div class=\"elementor-widget-container\">\n\t\t\t\t\t\t\t\t\t<p><strong>2. Optimized costs<\/strong><br \/>High-quality machines at truly competitive prices<\/p>\t\t\t\t\t\t\t\t<\/div>\n\t\t\t\t<\/div>\n\t\t\t\t<div class=\"elementor-element elementor-element-912ed1d elementor-widget elementor-widget-text-editor\" data-id=\"912ed1d\" data-element_type=\"widget\" data-widget_type=\"text-editor.default\">\n\t\t\t\t<div class=\"elementor-widget-container\">\n\t\t\t\t\t\t\t\t\t<p><strong>3. Quality guarantee<\/strong><br \/>We subject the machines to targeted tests and provide 6 months to 1 year of comprehensive warranty<\/p>\t\t\t\t\t\t\t\t<\/div>\n\t\t\t\t<\/div>\n\t\t\t\t<\/div>\n\t\t<div class=\"elementor-element elementor-element-ee308e8 e-con-full e-flex e-con e-child\" data-id=\"ee308e8\" data-element_type=\"container\">\n\t\t\t\t<div class=\"elementor-element elementor-element-7ba5403 elementor-widget elementor-widget-image\" data-id=\"7ba5403\" data-element_type=\"widget\" data-widget_type=\"image.default\">\n\t\t\t\t<div class=\"elementor-widget-container\">\n\t\t\t\t\t\t\t\t\t\t\t\t\t\t\t<img fetchpriority=\"high\" decoding=\"async\" width=\"800\" height=\"534\" src=\"https:\/\/www.nymexas.com\/wp-content\/uploads\/2024\/07\/IMG_2745-1024x683.jpg\" class=\"attachment-large size-large wp-image-673\" alt=\"\" srcset=\"https:\/\/www.nymexas.com\/wp-content\/uploads\/2024\/07\/IMG_2745-1024x683.jpg 1024w, https:\/\/www.nymexas.com\/wp-content\/uploads\/2024\/07\/IMG_2745-300x200.jpg 300w, https:\/\/www.nymexas.com\/wp-content\/uploads\/2024\/07\/IMG_2745-768x512.jpg 768w, https:\/\/www.nymexas.com\/wp-content\/uploads\/2024\/07\/IMG_2745-1536x1024.jpg 1536w, https:\/\/www.nymexas.com\/wp-content\/uploads\/2024\/07\/IMG_2745-2048x1365.jpg 2048w, https:\/\/www.nymexas.com\/wp-content\/uploads\/2024\/07\/IMG_2745-18x12.jpg 18w\" sizes=\"(max-width: 800px) 100vw, 800px\" \/>\t\t\t\t\t\t\t\t\t\t\t\t\t\t\t<\/div>\n\t\t\t\t<\/div>\n\t\t\t\t<div class=\"elementor-element elementor-element-7af6707 elementor-widget elementor-widget-text-editor\" data-id=\"7af6707\" data-element_type=\"widget\" data-widget_type=\"text-editor.default\">\n\t\t\t\t<div class=\"elementor-widget-container\">\n\t\t\t\t\t\t\t\t\t<p><strong>4. Green choice<\/strong><br \/>Buying used-refurbished equipment is a cost-effective and environmentally friendly choice<\/p>\t\t\t\t\t\t\t\t<\/div>\n\t\t\t\t<\/div>\n\t\t\t\t<\/div>\n\t\t\t\t\t<\/div>\n\t\t\t\t<\/div>\n\t\t<div class=\"elementor-element elementor-element-0369e92 e-con-full e-flex e-con e-parent\" data-id=\"0369e92\" data-element_type=\"container\">\n\t\t\t\t<div class=\"elementor-element elementor-element-6266dd7 elementor-widget elementor-widget-image\" data-id=\"6266dd7\" data-element_type=\"widget\" data-widget_type=\"image.default\">\n\t\t\t\t<div class=\"elementor-widget-container\">\n\t\t\t\t\t\t\t\t\t\t\t\t\t\t\t<img decoding=\"async\" width=\"800\" height=\"534\" src=\"https:\/\/www.nymexas.com\/wp-content\/uploads\/2024\/07\/IMG_2761-1024x683.jpg\" class=\"attachment-large size-large wp-image-630\" alt=\"\" srcset=\"https:\/\/www.nymexas.com\/wp-content\/uploads\/2024\/07\/IMG_2761-1024x683.jpg 1024w, https:\/\/www.nymexas.com\/wp-content\/uploads\/2024\/07\/IMG_2761-300x200.jpg 300w, https:\/\/www.nymexas.com\/wp-content\/uploads\/2024\/07\/IMG_2761-768x512.jpg 768w, https:\/\/www.nymexas.com\/wp-content\/uploads\/2024\/07\/IMG_2761-1536x1024.jpg 1536w, https:\/\/www.nymexas.com\/wp-content\/uploads\/2024\/07\/IMG_2761-2048x1365.jpg 2048w, https:\/\/www.nymexas.com\/wp-content\/uploads\/2024\/07\/IMG_2761-18x12.jpg 18w\" sizes=\"(max-width: 800px) 100vw, 800px\" \/>\t\t\t\t\t\t\t\t\t\t\t\t\t\t\t<\/div>\n\t\t\t\t<\/div>\n\t\t\t\t<div class=\"elementor-element elementor-element-1aea4dc elementor-widget elementor-widget-text-editor\" data-id=\"1aea4dc\" data-element_type=\"widget\" data-widget_type=\"text-editor.default\">\n\t\t\t\t<div class=\"elementor-widget-container\">\n\t\t\t\t\t\t\t\t\t<p style=\"text-align: left;\"><strong>Filler<\/strong><\/p>\t\t\t\t\t\t\t\t<\/div>\n\t\t\t\t<\/div>\n\t\t\t\t<\/div>\n\t\t<div class=\"elementor-element elementor-element-2d32b23 e-flex e-con-boxed e-con e-parent\" data-id=\"2d32b23\" data-element_type=\"container\">\n\t\t\t\t\t<div class=\"e-con-inner\">\n\t\t\t\t<div class=\"elementor-element elementor-element-d611631 elementor-widget__width-initial elementor-alert-info elementor-widget elementor-widget-alert\" data-id=\"d611631\" data-element_type=\"widget\" data-widget_type=\"alert.default\">\n\t\t\t\t<div class=\"elementor-widget-container\">\n\t\t\t\t\t\t\t<div class=\"elementor-alert\" role=\"alert\">\n\n\t\t\t\t\t\t<span class=\"elementor-alert-title\">Do you need more information?<\/span>\n\t\t\t\n\t\t\t\t\t\t<span class=\"elementor-alert-description\">Don\u00b4t hesitate to contact us<\/span>\n\t\t\t\n\t\t\t\t\t\t<button type=\"button\" class=\"elementor-alert-dismiss\" aria-label=\"Dismiss this alert.\">\n\t\t\t\t<i aria-hidden=\"true\" class=\"fas fa-info-circle\"><\/i>\t\t\t<\/button>\n\t\t\t\n\t\t<\/div>\n\t\t\t\t\t\t<\/div>\n\t\t\t\t<\/div>\n\t\t\t\t\t<\/div>\n\t\t\t\t<\/div>\n\t\t\t\t<\/div>","protected":false},"excerpt":{"rendered":"<p>USADO USADO REACONDICIONADO Y GARANTIZADO Usado Llenadora Equipo usado de llenado El sector de alimentos y bebidas est\u00e1 cada vez m\u00e1s orientado a la compra de equipos usados. \u00bfPor qu\u00e9? 1. Disponibilidad inmediataDespu\u00e9s de la renovaci\u00f3n o personalizaci\u00f3n, nos encargamos del transporte, montaje e puesta en marcha para el cliente 2. Costos optimizadosMaquinaria de alta [&hellip;]<\/p>\n","protected":false},"author":4,"featured_media":0,"parent":0,"menu_order":0,"comment_status":"closed","ping_status":"closed","template":"","meta":{"footnotes":""},"_links":{"self":[{"href":"https:\/\/www.nymexas.com\/en\/wp-json\/wp\/v2\/pages\/624"}],"collection":[{"href":"https:\/\/www.nymexas.com\/en\/wp-json\/wp\/v2\/pages"}],"about":[{"href":"https:\/\/www.nymexas.com\/en\/wp-json\/wp\/v2\/types\/page"}],"author":[{"embeddable":true,"href":"https:\/\/www.nymexas.com\/en\/wp-json\/wp\/v2\/users\/4"}],"replies":[{"embeddable":true,"href":"https:\/\/www.nymexas.com\/en\/wp-json\/wp\/v2\/comments?post=624"}],"version-history":[{"count":31,"href":"https:\/\/www.nymexas.com\/en\/wp-json\/wp\/v2\/pages\/624\/revisions"}],"predecessor-version":[{"id":766,"href":"https:\/\/www.nymexas.com\/en\/wp-json\/wp\/v2\/pages\/624\/revisions\/766"}],"wp:attachment":[{"href":"https:\/\/www.nymexas.com\/en\/wp-json\/wp\/v2\/media?parent=624"}],"curies":[{"name":"wp","href":"https:\/\/api.w.org\/{rel}","templated":true}]}}